{"id":7541,"date":"2022-09-12T11:45:22","date_gmt":"2022-09-12T10:45:22","guid":{"rendered":"https:\/\/www.gs-carbotech.com\/about-us\/"},"modified":"2023-03-27T11:16:32","modified_gmt":"2023-03-27T10:16:32","slug":"chi-siamo","status":"publish","type":"page","link":"https:\/\/www.gs-carbotech.com\/it\/chi-siamo\/","title":{"rendered":"Chi siamo"},"content":{"rendered":"<p>[vc_row][vc_column]        \r\n        <div class=\"title-banner\">\r\n          <div class=\"breadcrumbs-container\">\r\n            <div class=\"breadcrumbs\">\r\n              <p id=\"breadcrumbs\"><span><span class=\"breadcrumb_last\" aria-current=\"page\">Home<\/span><\/span><\/p>            <div class=\"clearfix\"><\/div>\r\n            <\/div>\r\n          <\/div>\r\n\r\n          <div class=\"title-banner-image-container\" style=\"background-image: url('https:\/\/www.gs-carbotech.com\/wp-content\/themes\/ns-template\/img\/page_title_back.jpg');\">\r\n                          <h1>Chi siamo<\/h1>\r\n                      <\/div>\r\n               \r\n        <\/div>\r\n        \r\n        [\/vc_column][\/vc_row][vc_row el_class=&#8221;dark-content&#8221;][vc_column width=&#8221;1\/2&#8243;][vc_column_text]SULL&#8217;AZIENDA<\/p>\n<p>Spinto dal suo interesse per la fibra di carbonio e le sue propriet\u00e0 meccaniche, Slavko Ga\u0161per\u0161i\u010d ha fondato Gs-Carbotech nel 2012, con l&#8217;obiettivo di creare prodotti in carbonio di alta qualit\u00e0. Ha unito la sua passione per il motociclismo e la fibra di carbonio per creare protezioni in carbonio per parti importanti della vostra moto, che la rendono pi\u00f9 leggera e le conferiscono un look da gara. \u00c8 consapevole del fatto che i motociclisti che acquistano moto di fascia alta vogliono anche prodotti di alta qualit\u00e0, ed \u00e8 su questo che ha specializzato la sua azienda. Trasmettendo il suo entusiasmo e le sue conoscenze alla famiglia, \u00e8 riuscito a trasformare l\u2019azienda in un&#8217;impresa familiare.[\/vc_column_text][vc_column_text]VISIONE DELL&#8217;AZIENDA<\/p>\n<p>In quanto azienda a conduzione familiare, ci impegniamo per l&#8217;unit\u00e0 di intenti, la sopravvivenza a lungo termine e il sostentamento di tutta la famiglia, quindi ci assicuriamo che ogni prodotto che porta il nostro nome sia realizzato secondo gli standard pi\u00f9 elevati. Il nostro obiettivo \u00e8 soddisfare o superare le aspettative dei clienti. Desideriamo preservare i valori e l&#8217;identit\u00e0 di azienda familiare ed evolverci in modo conforme ai tempi e ai luoghi; per questo motivo lo sviluppo e l&#8217;innovazione sono per noi di grande importanza. Poich\u00e9 produciamo da soli i nostri prodotti, sappiamo esattamente cosa mettiamo sul mercato. I nostri prodotti sono eccezionali grazie anche al fatto che ogni fase della produzione \u00e8 realizzata all&#8217;interno dell&#8217;azienda, dallo stampo alla realizzazione del prodotto vero e proprio, fino alla lavorazione finale. Si distinguono dagli standard di mercato per la qualit\u00e0 superiore dei materiali, la precisione artigianale e la piena compatibilit\u00e0 con la vostra moto.[\/vc_column_text][\/vc_column][vc_column width=&#8221;1\/2&#8243;][vc_single_image image=&#8221;8113&#8243;][vc_single_image image=&#8221;8116&#8243;][\/vc_column][\/vc_row]<\/p>\n","protected":false},"excerpt":{"rendered":"<p>[vc_row][vc_column][\/vc_column][\/vc_row][vc_row el_class=&#8221;dark-content&#8221;][vc_column width=&#8221;1\/2&#8243;][vc_column_text]SULL&#8217;AZIENDA Spinto dal suo interesse per la fibra di carbonio e le sue propriet\u00e0 meccaniche, Slavko Ga\u0161per\u0161i\u010d ha fondato Gs-Carbotech nel 2012, con l&#8217;obiettivo di creare prodotti in carbonio di alta qualit\u00e0. Ha unito la sua passione per il motociclismo e la fibra di carbonio per creare protezioni in carbonio per parti importanti della vostra moto, che la rendono pi\u00f9 leggera e le conferiscono un look da gara. \u00c8 consapevole del fatto che i motociclisti che acquistano moto di fascia alta vogliono anche prodotti di alta qualit\u00e0, ed \u00e8 su questo che ha specializzato la sua azienda. Trasmettendo il suo entusiasmo e le sue conoscenze alla famiglia, \u00e8 riuscito a trasformare l\u2019azienda in un&#8217;impresa familiare.[\/vc_column_text][vc_column_text]VISIONE DELL&#8217;AZIENDA In quanto [&hellip;]<\/p>\n","protected":false},"author":1,"featured_media":0,"parent":0,"menu_order":3,"comment_status":"closed","ping_status":"closed","template":"","meta":[],"_links":{"self":[{"href":"https:\/\/www.gs-carbotech.com\/it\/wp-json\/wp\/v2\/pages\/7541"}],"collection":[{"href":"https:\/\/www.gs-carbotech.com\/it\/wp-json\/wp\/v2\/pages"}],"about":[{"href":"https:\/\/www.gs-carbotech.com\/it\/wp-json\/wp\/v2\/types\/page"}],"author":[{"embeddable":true,"href":"https:\/\/www.gs-carbotech.com\/it\/wp-json\/wp\/v2\/users\/1"}],"replies":[{"embeddable":true,"href":"https:\/\/www.gs-carbotech.com\/it\/wp-json\/wp\/v2\/comments?post=7541"}],"version-history":[{"count":0,"href":"https:\/\/www.gs-carbotech.com\/it\/wp-json\/wp\/v2\/pages\/7541\/revisions"}],"wp:attachment":[{"href":"https:\/\/www.gs-carbotech.com\/it\/wp-json\/wp\/v2\/media?parent=7541"}],"curies":[{"name":"wp","href":"https:\/\/api.w.org\/{rel}","templated":true}]}}