{"id":7535,"date":"2022-09-12T11:45:05","date_gmt":"2022-09-12T10:45:05","guid":{"rendered":"https:\/\/www.gs-carbotech.com\/technology\/"},"modified":"2024-05-23T10:15:17","modified_gmt":"2024-05-23T09:15:17","slug":"tecnologia","status":"publish","type":"page","link":"https:\/\/www.gs-carbotech.com\/it\/tecnologia\/","title":{"rendered":"Tecnologia"},"content":{"rendered":"<p>[vc_row][vc_column]        \r\n        <div class=\"title-banner\">\r\n          <div class=\"breadcrumbs-container\">\r\n            <div class=\"breadcrumbs\">\r\n              <p id=\"breadcrumbs\"><span><span class=\"breadcrumb_last\" aria-current=\"page\">Home<\/span><\/span><\/p>            <div class=\"clearfix\"><\/div>\r\n            <\/div>\r\n          <\/div>\r\n\r\n          <div class=\"title-banner-image-container\" style=\"background-image: url('https:\/\/www.gs-carbotech.com\/wp-content\/themes\/ns-template\/img\/page_title_back.jpg');\">\r\n                          <h1>Tecnologia<\/h1>\r\n                      <\/div>\r\n               \r\n        <\/div>\r\n        \r\n        [\/vc_column][\/vc_row][vc_row][vc_column][vc_column_text]<span class=\"HwtZe\" lang=\"it\" style=\"color: #ffffff\"><span class=\"jCAhz ChMk0b\"><span class=\"ryNqvb\">I prodotti sono realizzati dall&#8217;inizio alla fine nella nostra azienda, quindi abbiamo il controllo dell&#8217;intero processo e possiamo garantire la migliore qualit\u00e0.<\/span><\/span> <span class=\"jCAhz ChMk0b\"><span class=\"ryNqvb\">Realizziamo noi stessi gli stampi per i prodotti e li testiamo sulla moto finch\u00e9 non si adattano perfettamente.<\/span><\/span> <span class=\"jCAhz ChMk0b\"><span class=\"ryNqvb\">Una volta che lo stampo \u00e8 perfetto, \u00e8 pronto per realizzare le parti in carbonio.<\/span><\/span><\/span><\/p>\n<p><span style=\"color: #ffffff\">I materiali che utilizziamo sono in fibra di carbonio pre-impregnata \u201cpre-preg\u201d (PESO 200 g \/ m2 o SAIA 245 g \/ m2), aramide &#8211; kevlar e fibra di vetro in pre-forma asciutta e pre-impregnata. Lo speciale procedimento utilizzato \u00e8 quello in autoclave nel quale si posiziona la fibra di carbonio pre-impregnata su uno stampo, quindi si posiziona un film distaccante posandolo sopra, quindi lo si fissa con uno speciale sacco a vuoto e un nastro sigillante. Il foglio contiene una valvola, che \u00e8 collegata a un tubo che aspira l&#8217;aria e comprime gli strati di carbonio. I prodotti vengono quindi posizionati su un ripiano in autoclave, dove vengono consolidati fino a 6 bar a 150\u00b0 C.<\/span>[\/vc_column_text][\/vc_column][\/vc_row][vc_row][vc_column][vc_empty_space height=&#8221;20px&#8221;][\/vc_column][\/vc_row][vc_row][vc_column][vc_column_text]<span style=\"color: #ffffff\">Il processo in autoclave \u00e8 il metodo pi\u00f9 comune utilizzato per il trattamento dei pre-impregnati con resine termoindurenti. Il consolidamento di materiali compositi termoindurenti coinvolge sia processi meccanici che chimici. Meccanicamente, viene applicata la necessaria pressione per rimuovere l\u2019aria e le impurit\u00e0 intrappolate e per consolidare i singoli strati e le fibre. Chimicamente, per formare una matrice rigida la reazione di reticolazione deve essere avviata e portata a termine. La reticolazione inizia normalmente attraverso la somministrazione di calore, sebbene possa anche essere avviata con l\u2019esposizione alla luce ultravioletta, alle microonde o agli elettroni ad alta energia (polimerizzazione del raggio laser). Nel processo in autoclave, sul manufatto vengono applicati l\u2019alta pressione e il calore generati dall&#8217;autoclave, mentre un sacco a vuoto viene utilizzato per applicare quell\u2019ulteriore pressione e per proteggere il laminato dai gas dell&#8217;autoclave. Il ciclo di polimerizzazione per una specifica applicazione viene solitamente determinato empiricamente e, come risultato, possono essere sviluppati diversi cicli di polimerizzazione per un singolo sistema di materiale, tenendo conto delle differenze di spessore del laminato o per ottimizzare particolari propriet\u00e0 nella parte indurita.<\/span>[\/vc_column_text][\/vc_column][\/vc_row][vc_row][vc_column][vc_empty_space height=&#8221;20px&#8221;][\/vc_column][\/vc_row][vc_row][vc_column][vc_column_text]<span style=\"color: #ffffff\">Il tipico ciclo di polimerizzazione in autoclave \u00e8 un processo a due fasi. Innanzitutto, vengono applicati il vacuum e la pressione mentre la temperatura viene portata a un livello intermedio e mantenuta costante per un breve periodo di tempo. Il calore riduce la viscosit\u00e0 della resina, permettendole di fluire e facilitando l\u2019estrazione dell\u2019aria e delle impurit\u00e0 intrappolate. Inoltre, in questa fase, la resina inizia a aderire alle fibre. Nella seconda fase, la temperatura viene portata fino alla soglia di consolidamento finale e mantenuta per un periodo di tempo sufficiente a completare tale reazione. Durante questa fase, la viscosit\u00e0 continua a diminuire, ma le rampe di temperatura e i tempi di mantenimento preimpostati stabilizzano la viscosit\u00e0 ad un livello tale da consentire un adeguato consolidamento e adesione alla fibra, evitando un eccessivo flusso di resina e la sua successiva carenza. Questi fattori di controllo rallentano anche la velocit\u00e0 di reazione, che impedisce un&#8217;eccessiva generazione di calore dal processo di polimerizzazione esotermica.<\/span><\/p>\n<p><span class=\"HwtZe\" lang=\"it\"><span class=\"jCAhz ChMk0b\"><span class=\"ryNqvb\"><span style=\"color: #ffffff\">Dopo il processo in autoclave, i prodotti vengono manualmente levigati e lucidati e preparati per la verniciatura. Per la finitura dei prodotti si effettua la laccatura della ceramica che conferisce una protezione permanente, resistenza agli UV, resistenza chimica al 100%, una durezza molto elevata, la resistenza a colpi, abrasioni e graffi e protegge la superficie dall&#8217;acqua e dallo sporco.<\/span><br \/>\n<\/span><\/span><\/span>[\/vc_column_text][\/vc_column][\/vc_row][vc_row][vc_column][vc_empty_space height=&#8221;20px&#8221;][\/vc_column][\/vc_row][vc_row][vc_column][vc_column_text]<\/p>\n<h3><span style=\"color: #ffffff\">Il prodotto sostituisce la parte OEM e migliora sia l&#8217;aspetto visivo che le prestazioni della tua moto.<\/span><\/h3>\n<p>[\/vc_column_text][\/vc_column][\/vc_row][vc_row][vc_column width=&#8221;1\/3&#8243;][vc_single_image image=&#8221;8588&#8243;][\/vc_column][vc_column width=&#8221;1\/3&#8243;][vc_single_image image=&#8221;8591&#8243;][\/vc_column][vc_column width=&#8221;1\/3&#8243;][vc_single_image image=&#8221;8594&#8243;][\/vc_column][\/vc_row]<\/p>\n","protected":false},"excerpt":{"rendered":"<p>[vc_row][vc_column][\/vc_column][\/vc_row][vc_row][vc_column][vc_column_text]I prodotti sono realizzati dall&#8217;inizio alla fine nella nostra azienda, quindi abbiamo il controllo dell&#8217;intero processo e possiamo garantire la migliore qualit\u00e0. Realizziamo noi stessi gli stampi per i prodotti e li testiamo sulla moto finch\u00e9 non si adattano perfettamente. Una volta che lo stampo \u00e8 perfetto, \u00e8 pronto per realizzare le parti in carbonio. I materiali che utilizziamo sono in fibra di carbonio pre-impregnata \u201cpre-preg\u201d (PESO 200 g \/ m2 o SAIA 245 g \/ m2), aramide &#8211; kevlar e fibra di vetro in pre-forma asciutta e pre-impregnata. Lo speciale procedimento utilizzato \u00e8 quello in autoclave nel quale si posiziona la fibra di carbonio pre-impregnata su uno stampo, quindi si posiziona un film distaccante posandolo sopra, quindi lo si [&hellip;]<\/p>\n","protected":false},"author":1,"featured_media":0,"parent":0,"menu_order":2,"comment_status":"closed","ping_status":"closed","template":"","meta":[],"_links":{"self":[{"href":"https:\/\/www.gs-carbotech.com\/it\/wp-json\/wp\/v2\/pages\/7535"}],"collection":[{"href":"https:\/\/www.gs-carbotech.com\/it\/wp-json\/wp\/v2\/pages"}],"about":[{"href":"https:\/\/www.gs-carbotech.com\/it\/wp-json\/wp\/v2\/types\/page"}],"author":[{"embeddable":true,"href":"https:\/\/www.gs-carbotech.com\/it\/wp-json\/wp\/v2\/users\/1"}],"replies":[{"embeddable":true,"href":"https:\/\/www.gs-carbotech.com\/it\/wp-json\/wp\/v2\/comments?post=7535"}],"version-history":[{"count":1,"href":"https:\/\/www.gs-carbotech.com\/it\/wp-json\/wp\/v2\/pages\/7535\/revisions"}],"predecessor-version":[{"id":9214,"href":"https:\/\/www.gs-carbotech.com\/it\/wp-json\/wp\/v2\/pages\/7535\/revisions\/9214"}],"wp:attachment":[{"href":"https:\/\/www.gs-carbotech.com\/it\/wp-json\/wp\/v2\/media?parent=7535"}],"curies":[{"name":"wp","href":"https:\/\/api.w.org\/{rel}","templated":true}]}}