{"id":7522,"date":"2022-10-11T11:00:18","date_gmt":"2022-10-11T10:00:18","guid":{"rendered":"https:\/\/www.gs-carbotech.com\/personal-data-protection\/"},"modified":"2022-10-28T11:43:54","modified_gmt":"2022-10-28T10:43:54","slug":"protezione-dei-dati-personali","status":"publish","type":"page","link":"https:\/\/www.gs-carbotech.com\/it\/protezione-dei-dati-personali\/","title":{"rendered":"Protezione dei dati personali"},"content":{"rendered":"<p>[vc_row][vc_column]        \r\n        <div class=\"title-banner\">\r\n          <div class=\"breadcrumbs-container\">\r\n            <div class=\"breadcrumbs\">\r\n              <p id=\"breadcrumbs\"><span><span class=\"breadcrumb_last\" aria-current=\"page\">Home<\/span><\/span><\/p>            <div class=\"clearfix\"><\/div>\r\n            <\/div>\r\n          <\/div>\r\n\r\n          <div class=\"title-banner-image-container\" style=\"background-image: url('https:\/\/www.gs-carbotech.com\/wp-content\/themes\/ns-template\/img\/page_title_back.jpg');\">\r\n                          <h1>Protezione dei dati personali<\/h1>\r\n                      <\/div>\r\n               \r\n        <\/div>\r\n        \r\n        [\/vc_column][\/vc_row][vc_row el_class=&#8221;dark-content&#8221;][vc_column][vc_column_text]Proprietario e amministratore del sito internet http:\/\/www.gs-carbotech.com\/<br \/>\nRagione sociale: GS-CarboTech, d.o.o.<br \/>\nSede della societ\u00e0: Koritno 66, 4260 Bled, Slovenija<br \/>\nRappresentante legale: Ale\u0161 Ga\u0161per\u0161i\u010d<\/p>\n<h3>1. Utilizzo, portata e finalit\u00e0 della conservazione e del trattamento dati<\/h3>\n<p>Conserviamo e trattiamo i dati personali allo scopo di mantenere i contatti con i clienti, di inviare<br \/>\nnotifiche commerciali via e-mail, di promuovere le vendite, per la profilazione dei clienti al fine di offrire loro contenuti e prodotti mirati a mezzo di e-mail e siti web. Con l\u2019invio di messaggi elettronici viene registrato il numero di visualizzazioni effettuate sul sito da parte degli interessati a cui \u00e8 stato inviato il messaggio ed il numero di click effettuati nei messaggi ricevuti. Per un\u2019offerta migliore e mirata e per adeguare i futuri messaggi, i dati registrati vengono trattati, analizzati e profilati automaticamente nonch\u00e9 viene valutato l\u2019interesse dei nostri clienti in merito ai messaggi inviati. Sulla base dei dati registrati e dei profili creati non vengono avviate funzioni decisionali automatizzate. Al fine di garantire la notifica a mezzo e-mail vengono conservati i seguenti dati:<br \/>\nindirizzo di posta elettronica;<br \/>\nnome;<br \/>\ncognome.<\/p>\n<p>I dati personali vengono raccolti esclusivamente solo a seguito del consenso fornito dagli interessati. I consensi vengono conservati assieme al loro contenuto e al contenuto del modulo tramite cui \u00e8 stato ottenuto il consenso.<\/p>\n<p>I dati personali raccolti vengono utilizzati dai nostri seguenti reparti:<br \/>\nvendite;<br \/>\nmarketing;<br \/>\nsupporto clienti.<\/p>\n<h3>2. Trasferimento dati<\/h3>\n<p>I dati personali raccolti vengono conservati sul territorio della Repubblica di Slovenia e in nessun caso vengono trasferiti a Paesi terzi.<\/p>\n<h3>3. Periodo di conservazione<\/h3>\n<p>I dati personali raccolti vengono conservati fino alla revoca del consenso da parte degli interessati sia per la loro conservazione sia per il loro trattamento. Dopo la revoca del consenso da parte dell\u2019interessato i dati che lo riguardano vengono immediatamente e definitivamente cancellati. Qualora la nostra societ\u00e0 non ritenesse pi\u00f9 valide le finalit\u00e0 sopra descritte e per le quali i dati personali erano stati conservati e trattati, quelle basi dati per cui le finalit\u00e0 cessano di valere verrebbero immediatamente e definitivamente cancellate. I dati sulle visualizzazioni dei messaggi ricevuti e dei click effettuati sui link presenti nei messaggi, vengono conservati per 12 mesi dalla data di invio del messaggio.<\/p>\n<h3>4. Modalit\u00e0 di protezione dei dati personali raccolti<\/h3>\n<p>Vengono sempre inoltrati esclusivamente i contenuti e le informazioni, mentre non vengono mai richiesti numeri di carte di credito o altri dati che potrebbero essere violati da parte di hacker.<br \/>\nIl sito internet www.gs-carbotech.com \u00e8 ospitato su un server web sicuro ed \u00e8 oggetto di regolari verifiche di sicurezza. I dati personali raccolti vengono utilizzati esclusivamente per le finalit\u00e0 sopra indicate e non vengono n\u00e9 commercializzati n\u00e9 trasferiti a persone terze, ad eccezione di quei partner che ci aiutano nella manutenzione del sito internet, che per\u00f2 a loro volta sono tenuti alla protezione dei dati personali secondo le stesse condizioni valide per la GS-CarboTech, d.o.o.<br \/>\nIn casi eccezionali, i vostri dati personali, e conformemente a quanto previsto per legge, possono essere trasmessi agli organi di sicurezza, a seguito di formale richiesta di trasmissione dei dati da parte degli stessi.<\/p>\n<h3>5. Diritti dell\u2019interessato<\/h3>\n<p>Ogni interessato per i propri dati pu\u00f2 richiedere in qualsiasi momento quanto segue:<br \/>\nvisualizzazione;<br \/>\nmodifica;<br \/>\ncancellazione totale;<br \/>\ntrasferimento dei propri dati ad altri offerenti di servizi simili;<br \/>\ninterruzione del trattamento e della conservazione ovvero revoca del consenso al trattamento e alla conservazione dei dati personali, senza che questo influisca sulla legalit\u00e0 del trattamento in atto a seguito del consenso.<br \/>\nLa richiesta pu\u00f2 essere inviata tramite e-mail all\u2019indirizzo i&#110;&#x66;&#x6f;&#64;&#103;&#x73;&#x2d;c&#97;&#x72;&#x62;o&#116;&#x65;&#x63;h&#46;&#x63;&#x6f;m oppure tramite posta in forma cartacea all\u2019indirizzo della sede della societ\u00e0.<\/p>\n<p>Nel caso in cui presso la nostra societ\u00e0 volessimo continuare a trattare i dati personali per finalit\u00e0 diverse da quelle per le quali erano stati raccolti, prima di procedere con il loro trattamento si forniranno all\u2019interessato tutte le informazioni sulle nuove finalit\u00e0 e tutte le informazioni rilevanti simili a quelle presenti in questo documento.<\/p>\n<p>Ogni interessato, qualora ritenesse che da parte nostra vengano violati i suoi diritti derivanti dalla protezione dei suoi dati personali, pu\u00f2 in qualsiasi momento presentare un ricorso all\u2019autorit\u00e0 di controllo \u2013 il Commissario all\u2019Informazione della Repubblica di Slovenia: Republika Slovenija, Informacijski poobla\u0161\u010denec, Zalo\u0161ka 59, 1000 Ljubljana, https:\/\/www.ip-rs.si<\/p>\n<p>Lo staff della GS-carbotech rispetta la vostra privacy secondo la normativa vigente (Legge sulla protezione dei dati personali ZVOP-2, Gazz. Uff. RS num. 94\/07 e GDPR), perci\u00f2 sul sito internet http:\/\/www.gscarbotech.com\/ eseguiamo tutte le misure per l\u2019equa protezione e trattamento dei vostri dati personali. Nel caso in cui desideraste ulteriori chiarimenti in merito all\u2019informativa sulla protezione dei dati personali da parte della societ\u00e0 GSCarboTech,<br \/>\nd.o.o., vi invitiamo a scrivere a &#x69;&#x6e;&#x66;&#111;&#64;gs&#x2d;&#x63;&#x61;&#114;bot&#x65;&#x63;&#x68;&#46;com.<br \/>\n[\/vc_column_text][\/vc_column][\/vc_row]<\/p>\n","protected":false},"excerpt":{"rendered":"<p>[vc_row][vc_column][\/vc_column][\/vc_row][vc_row el_class=&#8221;dark-content&#8221;][vc_column][vc_column_text]Proprietario e amministratore del sito internet http:\/\/www.gs-carbotech.com\/ Ragione sociale: GS-CarboTech, d.o.o. Sede della societ\u00e0: Koritno 66, 4260 Bled, Slovenija Rappresentante legale: Ale\u0161 Ga\u0161per\u0161i\u010d 1. Utilizzo, portata e finalit\u00e0 della conservazione e del trattamento dati Conserviamo e trattiamo i dati personali allo scopo di mantenere i contatti con i clienti, di inviare notifiche commerciali via e-mail, di promuovere le vendite, per la profilazione dei clienti al fine di offrire loro contenuti e prodotti mirati a mezzo di e-mail e siti web. Con l\u2019invio di messaggi elettronici viene registrato il numero di visualizzazioni effettuate sul sito da parte degli interessati a cui \u00e8 stato inviato il messaggio ed il numero di click effettuati nei messaggi ricevuti. Per un\u2019offerta migliore e mirata [&hellip;]<\/p>\n","protected":false},"author":1,"featured_media":0,"parent":0,"menu_order":10,"comment_status":"closed","ping_status":"closed","template":"","meta":[],"_links":{"self":[{"href":"https:\/\/www.gs-carbotech.com\/it\/wp-json\/wp\/v2\/pages\/7522"}],"collection":[{"href":"https:\/\/www.gs-carbotech.com\/it\/wp-json\/wp\/v2\/pages"}],"about":[{"href":"https:\/\/www.gs-carbotech.com\/it\/wp-json\/wp\/v2\/types\/page"}],"author":[{"embeddable":true,"href":"https:\/\/www.gs-carbotech.com\/it\/wp-json\/wp\/v2\/users\/1"}],"replies":[{"embeddable":true,"href":"https:\/\/www.gs-carbotech.com\/it\/wp-json\/wp\/v2\/comments?post=7522"}],"version-history":[{"count":0,"href":"https:\/\/www.gs-carbotech.com\/it\/wp-json\/wp\/v2\/pages\/7522\/revisions"}],"wp:attachment":[{"href":"https:\/\/www.gs-carbotech.com\/it\/wp-json\/wp\/v2\/media?parent=7522"}],"curies":[{"name":"wp","href":"https:\/\/api.w.org\/{rel}","templated":true}]}}