{"id":7818,"date":"2023-01-20T11:21:53","date_gmt":"2023-01-20T11:21:53","guid":{"rendered":"https:\/\/www.gs-carbotech.com\/product\/fork-protectors-18-dcg-v4-010-18-dcm-v4-010\/"},"modified":"2026-04-07T13:30:19","modified_gmt":"2026-04-07T11:30:19","slug":"fork-protectors-18-dcg-v4-010-18-dcm-v4-010","status":"publish","type":"product","link":"https:\/\/www.gs-carbotech.com\/de\/produkt\/fork-protectors-18-dcg-v4-010-18-dcm-v4-010\/","title":{"rendered":"GABELPROTEKTOREN"},"content":{"rendered":"<p>[vc_row][vc_column][vc_column_text]<\/p>\n<div class=\"vc_row wpb_row vc_row-fluid\">\n<div class=\"wpb_column vc_column_container vc_col-sm-12\">\n<div class=\"vc_column-inner\">\n<div class=\"wpb_wrapper\">\n<div class=\"wpb_text_column wpb_content_element \">\n<div class=\"wpb_wrapper\">\n<h2><strong>Personalisieren Sie Ihr Fahrzeug mit Gabelprotektoren aus Carbonfaser! <\/strong><\/h2>\n<h2><strong>Wir bieten nicht nur hochwertigen Schutz sondern auch Lifestyle! <\/strong><\/h2>\n<\/div>\n<\/div>\n<\/div>\n<\/div>\n<\/div>\n<\/div>\n<p>[\/vc_column_text][\/vc_column][\/vc_row][vc_row][vc_column][vc_separator color=&#8220;custom&#8220; accent_color=&#8220;#515151&#8243; css=&#8220;.vc_custom_1674714485632{margin-top: 20px !important;margin-right: 0px !important;margin-bottom: 50px !important;margin-left: 0px !important;}&#8220;][\/vc_column][\/vc_row][vc_row][vc_column width=&#8220;1\/2&#8243;][vc_column_text]<\/p>\n<h3><span class=\"HwtZe\" lang=\"de\"><span class=\"jCAhz ChMk0b\"><span class=\"ryNqvb\">Beschreibung<\/span><\/span><\/span><\/h3>\n<ul>\n<li>Werten Sie Ihr Motorrad schnell und einfach auf!<\/li>\n<li>Die Gabelprotektoren bestehen aus superleichter und superstarker, flexibler 100%iger Carbonfaser, die einfach zu montieren ist und perfekt passt.<\/li>\n<li>Zum Schutz der Gabeln vor Kratzern und Dellen im Falle eines Sturzes oder Unfalls.<\/li>\n<li>Die Kanten sind glatt, damit Ihre Originalgabeln nicht besch\u00e4digt werden.<\/li>\n<li>Sie verleihen Ihrem Motorrad Schutz und ein exklusives Aussehen.<\/li>\n<li>Enth\u00e4lt 1 komplettes Set Gabelschutz (4 Teile: links und rechts f\u00fcr beide Gabeln) sowie Carbon-Eins\u00e4tze f\u00fcr die Gabelklemmen.<\/li>\n<li>Die Schutzteile werden mit voraufgetragenem Klebstoff befestigt, es sind keine Schrauben oder Werkzeuge erforderlich.<\/li>\n<\/ul>\n<p>[\/vc_column_text][\/vc_column][vc_column width=&#8220;1\/2&#8243;][vc_column_text]<\/p>\n<h3>Passend f\u00fcr<\/h3>\n<ul>\n<li>Streetfighter V4 (2020-2024)<\/li>\n<\/ul>\n<p>[\/vc_column_text][\/vc_column][\/vc_row][vc_row][vc_column][vc_separator color=&#8220;custom&#8220; accent_color=&#8220;#515151&#8243; css=&#8220;.vc_custom_1674714485632{margin-top: 20px !important;margin-right: 0px !important;margin-bottom: 50px !important;margin-left: 0px !important;}&#8220;][\/vc_column][\/vc_row][vc_row][vc_column width=&#8220;1\/3&#8243;][vc_video link=&#8220;https:\/\/www.youtube.com\/watch?v=NwgsZ7x14l0&#8243;][\/vc_column][vc_column width=&#8220;1\/3&#8243;][vc_video link=&#8220;https:\/\/youtube.com\/shorts\/L3tNhnLqQUY&#8220;][\/vc_column][vc_column width=&#8220;1\/3&#8243;][vc_video link=&#8220;https:\/\/youtube.com\/shorts\/slOwKesi9BQ&#8220;][\/vc_column][\/vc_row][vc_row][vc_column][vc_separator color=&#8220;custom&#8220; accent_color=&#8220;#515151&#8243; css=&#8220;.vc_custom_1674714485632{margin-top: 20px !important;margin-right: 0px !important;margin-bottom: 50px !important;margin-left: 0px !important;}&#8220;][\/vc_column][\/vc_row][vc_row][vc_column width=&#8220;1\/3&#8243;][vc_single_image image=&#8220;11029&#8243;][\/vc_column][vc_column width=&#8220;1\/3&#8243;][vc_single_image image=&#8220;11026&#8243;][\/vc_column][vc_column width=&#8220;1\/3&#8243;][vc_single_image image=&#8220;9521&#8243;][\/vc_column][\/vc_row][vc_row][vc_column width=&#8220;1\/3&#8243;][vc_single_image image=&#8220;9533&#8243;][\/vc_column][vc_column width=&#8220;1\/3&#8243;][vc_single_image image=&#8220;9539&#8243;][\/vc_column][vc_column width=&#8220;1\/3&#8243;][vc_single_image image=&#8220;9536&#8243;][\/vc_column][\/vc_row][vc_row][vc_column width=&#8220;1\/3&#8243;][vc_single_image image=&#8220;9530&#8243;][\/vc_column][vc_column width=&#8220;1\/3&#8243;][vc_single_image image=&#8220;9527&#8243;][\/vc_column][vc_column width=&#8220;1\/3&#8243;][vc_single_image image=&#8220;9542&#8243;][\/vc_column][\/vc_row]<\/p>\n","protected":false},"excerpt":{"rendered":"<table class=\"desc-table\" data-id=\"12-BCM-RR-15\">\n<tbody>\n<tr>\n<td class=\"heading\">Technologie:<\/td>\n<td>Autoklav\/Prepreg<\/td>\n<\/tr>\n<tr>\n<td class=\"heading\">Material:<\/td>\n<td>hochwertiger 100% prepreg carbon<\/td>\n<\/tr>\n<tr>\n<td class=\"heading\">Oberfl\u00e4chenfinish:<\/td>\n<td>Hochglanz &amp; Matt Finish<\/td>\n<\/tr>\n<tr>\n<td class=\"heading\">Beschichten:<\/td>\n<td>keramik-Lackversiegelung f\u00fcr dauerhaften Schutz, UV-Schutz, 100% chemisch resistent, verhindert, dass Wasser und Schmutz mit der Oberfl\u00e4che in Ber\u00fchrung kommen, sehr hohe H\u00e4rte, Schlagfestigkeit und Schutz vor Abrieb und Kratzern<\/td>\n<\/tr>\n<tr>\n<td class=\"heading\">Andere Eigenschaften:<\/td>\n<td>passgenau, ohne zus\u00e4tzliches Bohren oder Schleifen | leicht und doch fest und stark | konsistente weben, das gleiche wie Ducati Performance | keine Pinholes im Finish<\/td>\n<\/tr>\n<tr>\n<td class=\"heading\"><span style=\"color: #ff0000\"><span class=\"HwtZe\" lang=\"de\"><span class=\"jCAhz ChMk0b\"><span class=\"ryNqvb\">WICHTIG<\/span><\/span><\/span>:<\/span><\/td>\n<td><span class=\"HwtZe\" lang=\"de\"><strong><span class=\"jCAhz ChMk0b\" style=\"color: #ff0000\"><span class=\"ryNqvb\">DAS PRODUKT IST F\u00dcR WERKSEINSTELLTE GABELN GEEIGNET!<\/span><\/span><\/strong><\/span><\/p>\n<p><span class=\"HwtZe\" lang=\"de\" style=\"color: #ff0000\"><span class=\"jCAhz ChMk0b\"><span class=\"ryNqvb\">Bei ge\u00e4nderten Gabeleinstellungen m\u00fcssen sich auch die Abmessungen des Produkts \u00e4ndern. Kontaktieren Sie uns daher und wir fertigen Ihnen ein Produkt an, das zu Ihren Gabeleinstellungen passt.<\/span><\/span><\/span><\/td>\n<\/tr>\n<\/tbody>\n<\/table>\n<table class=\"desc-table\" style=\"height: 28px\" width=\"1399\" data-id=\"12-BCM-RR-15\">\n<tbody>\n<tr>\n<td class=\"heading\"><\/td>\n<td><\/td>\n<\/tr>\n<\/tbody>\n<\/table>\n","protected":false},"featured_media":11120,"comment_status":"open","ping_status":"closed","template":"","meta":[],"product_cat":[82,226,234],"product_tag":[],"_links":{"self":[{"href":"https:\/\/www.gs-carbotech.com\/de\/wp-json\/wp\/v2\/product\/7818"}],"collection":[{"href":"https:\/\/www.gs-carbotech.com\/de\/wp-json\/wp\/v2\/product"}],"about":[{"href":"https:\/\/www.gs-carbotech.com\/de\/wp-json\/wp\/v2\/types\/product"}],"replies":[{"embeddable":true,"href":"https:\/\/www.gs-carbotech.com\/de\/wp-json\/wp\/v2\/comments?post=7818"}],"wp:featuredmedia":[{"embeddable":true,"href":"https:\/\/www.gs-carbotech.com\/de\/wp-json\/wp\/v2\/media\/11120"}],"wp:attachment":[{"href":"https:\/\/www.gs-carbotech.com\/de\/wp-json\/wp\/v2\/media?parent=7818"}],"wp:term":[{"taxonomy":"product_cat","embeddable":true,"href":"https:\/\/www.gs-carbotech.com\/de\/wp-json\/wp\/v2\/product_cat?post=7818"},{"taxonomy":"product_tag","embeddable":true,"href":"https:\/\/www.gs-carbotech.com\/de\/wp-json\/wp\/v2\/product_tag?post=7818"}],"curies":[{"name":"wp","href":"https:\/\/api.w.org\/{rel}","templated":true}]}}