{"id":6656,"date":"2022-09-15T13:34:23","date_gmt":"2022-09-15T12:34:23","guid":{"rendered":"https:\/\/www.gs-carbotech.com\/product\/chain-guard-low\/"},"modified":"2025-06-17T13:17:41","modified_gmt":"2025-06-17T11:17:41","slug":"kettenschutz-unten","status":"publish","type":"product","link":"https:\/\/www.gs-carbotech.com\/de\/produkt\/kettenschutz-unten\/","title":{"rendered":"KETTENSCHUTZ UNTEN"},"content":{"rendered":"<p>[vc_row][vc_column][vc_column_text]<\/p>\n<h3>Passend f\u00fcr<\/h3>\n<ul>\n<li>Ducati Panigale 1199 (2012-2014)<\/li>\n<li>Ducati Panigale 1199 S (2012-2014)<\/li>\n<li>Ducati Panigale 1199 R (2013-2014)<\/li>\n<li>Ducati Panigale 1299 (2015-2017)<\/li>\n<li>Panigale R (2015-2017)<\/li>\n<li>Panigale V2 (2020-2024)<\/li>\n<li>Streetfighter V2 (2022-2024)<\/li>\n<\/ul>\n<p>[\/vc_column_text][\/vc_column][\/vc_row]<\/p>\n","protected":false},"excerpt":{"rendered":"<table class=\"desc-table\" data-id=\"15-DCM-PA-46\">\n<tbody>\n<tr>\n<td class=\"heading\"><\/td>\n<td><\/td>\n<\/tr>\n<tr>\n<td class=\"heading\">Technologie:<\/td>\n<td>Autoklav\/Prepreg<\/td>\n<\/tr>\n<tr>\n<td class=\"heading\">Material:<\/td>\n<td>hochwertiger 100% prepreg carbon<\/td>\n<\/tr>\n<tr>\n<td class=\"heading\">Oberfl\u00e4chenfinish:<\/td>\n<td>Hochglanz &amp; Matt Finish<\/td>\n<\/tr>\n<tr>\n<td class=\"heading\">Beschichten:<\/td>\n<td>keramik-Lackversiegelung f\u00fcr dauerhaften Schutz, UV-Schutz, 100% chemisch resistent, verhindert, dass Wasser und Schmutz mit der Oberfl\u00e4che in Ber\u00fchrung kommen, sehr hohe H\u00e4rte, Schlagfestigkeit und Schutz vor Abrieb und Kratzern<\/td>\n<\/tr>\n<tr>\n<td class=\"heading\">Andere Eigenschaften:<\/td>\n<td>ersetzt das originale Bauteil unter Verwendung der originalen Befestigungspunkte | passgenau, ohne zus\u00e4tzliches Bohren oder Schleifen | leicht und doch fest und stark | konsistente weben, das gleiche wie Ducati Performance | keine Pinholes im Finish<\/td>\n<\/tr>\n<tr>\n<td class=\"heading\">Verf\u00fcgbarkeit:<\/td>\n<td>auf Lager | kann innerhalb von 4 Werktagen versendet werden<\/td>\n<\/tr>\n<\/tbody>\n<\/table>\n","protected":false},"featured_media":1993,"comment_status":"closed","ping_status":"closed","template":"","meta":[],"product_cat":[82,132,134,231,237],"product_tag":[],"_links":{"self":[{"href":"https:\/\/www.gs-carbotech.com\/de\/wp-json\/wp\/v2\/product\/6656"}],"collection":[{"href":"https:\/\/www.gs-carbotech.com\/de\/wp-json\/wp\/v2\/product"}],"about":[{"href":"https:\/\/www.gs-carbotech.com\/de\/wp-json\/wp\/v2\/types\/product"}],"replies":[{"embeddable":true,"href":"https:\/\/www.gs-carbotech.com\/de\/wp-json\/wp\/v2\/comments?post=6656"}],"wp:featuredmedia":[{"embeddable":true,"href":"https:\/\/www.gs-carbotech.com\/de\/wp-json\/wp\/v2\/media\/1993"}],"wp:attachment":[{"href":"https:\/\/www.gs-carbotech.com\/de\/wp-json\/wp\/v2\/media?parent=6656"}],"wp:term":[{"taxonomy":"product_cat","embeddable":true,"href":"https:\/\/www.gs-carbotech.com\/de\/wp-json\/wp\/v2\/product_cat?post=6656"},{"taxonomy":"product_tag","embeddable":true,"href":"https:\/\/www.gs-carbotech.com\/de\/wp-json\/wp\/v2\/product_tag?post=6656"}],"curies":[{"name":"wp","href":"https:\/\/api.w.org\/{rel}","templated":true}]}}