{"id":6242,"date":"2022-09-15T13:35:26","date_gmt":"2022-09-15T12:35:26","guid":{"rendered":"https:\/\/www.gs-carbotech.com\/product\/sprocket-cover-3\/"},"modified":"2023-07-31T08:49:09","modified_gmt":"2023-07-31T07:49:09","slug":"ritzelabdeckung","status":"publish","type":"product","link":"https:\/\/www.gs-carbotech.com\/de\/produkt\/ritzelabdeckung\/","title":{"rendered":"RITZELABDECKUNG"},"content":{"rendered":"","protected":false},"excerpt":{"rendered":"<table class=\"desc-table\" data-id=\"17-DCM-MN-128\">\n<tbody>\n<tr>\n<td class=\"heading\">Passend f\u00fcr:<\/td>\n<td>Ducati Monster 1200 \/ 1200 S (2017-)<\/td>\n<\/tr>\n<tr>\n<td class=\"heading\">Technologie:<\/td>\n<td>Autoklav\/Prepreg<\/td>\n<\/tr>\n<tr>\n<td class=\"heading\">Material:<\/td>\n<td>hochwertiger 100% prepreg carbon<\/td>\n<\/tr>\n<tr>\n<td class=\"heading\">Oberfl\u00e4chenfinish:<\/td>\n<td>Hochglanz &#038; Matt Finish<\/td>\n<\/tr>\n<tr>\n<td class=\"heading\">Beschichten:<\/td>\n<td>keramik-Lackversiegelung f\u00fcr dauerhaften Schutz, UV-Schutz, 100% chemisch resistent, verhindert, dass Wasser und Schmutz mit der Oberfl\u00e4che in Ber\u00fchrung kommen, sehr hohe H\u00e4rte, Schlagfestigkeit und Schutz vor Abrieb und Kratzern<\/td>\n<\/tr>\n<tr>\n<td class=\"heading\">Andere Eigenschaften:<\/td>\n<td>ersetzt das originale Bauteil unter Verwendung der originalen Befestigungspunkte | passgenau, ohne zus\u00e4tzliches Bohren oder Schleifen | leicht und doch fest und stark | konsistente weben, das gleiche wie Ducati Performance | keine Pinholes im Finish<\/td>\n<\/tr>\n<tr>\n<td class=\"heading\">Verf\u00fcgbarkeit:<\/td>\n<td>auf Lager | kann innerhalb von 4 Werktagen versendet werden<\/td>\n<\/tr>\n<\/tbody>\n<\/table>\n","protected":false},"featured_media":0,"comment_status":"closed","ping_status":"closed","template":"","meta":[],"product_cat":[82,112,118],"product_tag":[],"_links":{"self":[{"href":"https:\/\/www.gs-carbotech.com\/de\/wp-json\/wp\/v2\/product\/6242"}],"collection":[{"href":"https:\/\/www.gs-carbotech.com\/de\/wp-json\/wp\/v2\/product"}],"about":[{"href":"https:\/\/www.gs-carbotech.com\/de\/wp-json\/wp\/v2\/types\/product"}],"replies":[{"embeddable":true,"href":"https:\/\/www.gs-carbotech.com\/de\/wp-json\/wp\/v2\/comments?post=6242"}],"wp:attachment":[{"href":"https:\/\/www.gs-carbotech.com\/de\/wp-json\/wp\/v2\/media?parent=6242"}],"wp:term":[{"taxonomy":"product_cat","embeddable":true,"href":"https:\/\/www.gs-carbotech.com\/de\/wp-json\/wp\/v2\/product_cat?post=6242"},{"taxonomy":"product_tag","embeddable":true,"href":"https:\/\/www.gs-carbotech.com\/de\/wp-json\/wp\/v2\/product_tag?post=6242"}],"curies":[{"name":"wp","href":"https:\/\/api.w.org\/{rel}","templated":true}]}}