{"id":6182,"date":"2022-09-15T13:35:37","date_gmt":"2022-09-15T12:35:37","guid":{"rendered":"https:\/\/www.gs-carbotech.com\/product\/elite-racing-tail-sliders-for-mono-seat\/"},"modified":"2025-09-02T16:05:53","modified_gmt":"2025-09-02T14:05:53","slug":"elite-racing-hecksliders-fuer-monositz","status":"publish","type":"product","link":"https:\/\/www.gs-carbotech.com\/de\/produkt\/elite-racing-hecksliders-fuer-monositz\/","title":{"rendered":"ELITE SITZ SLIDERS (f\u00fcr Monositz)"},"content":{"rendered":"<p>[vc_row][vc_column][vc_column_text]<\/p>\n<h2><strong>Personalisieren Sie Ihr Fahrzeug mit Carbon Sliders! <\/strong><\/h2>\n<h2><strong>Wir bieten nicht nur hochwertigen Schutz sondern auch Lifestyle! <\/strong><\/h2>\n<p>[\/vc_column_text][\/vc_column][\/vc_row][vc_row][vc_column][vc_separator color=&#8220;custom&#8220; accent_color=&#8220;#515151&#8243;][\/vc_column][\/vc_row][vc_row][vc_column width=&#8220;1\/3&#8243;][vc_column_text]<\/p>\n<h3><span class=\"HwtZe\" lang=\"de\"><span class=\"jCAhz ChMk0b\"><span class=\"ryNqvb\">Beschreibung<\/span><\/span><\/span><\/h3>\n<ul>\n<li>Werten Sie Ihr Motorrad schnell und einfach auf!<\/li>\n<li>Elite Sliders bestehen aus superleichter und superstarker 100%iger Carbonfaser.<\/li>\n<li>Elite Sliders sch\u00fctzen Ihren Sitz vor Kratzern im Falle eines Sturzes.<\/li>\n<li>Von innen mit Kevlar verst\u00e4rkt f\u00fcr zus\u00e4tzliche St\u00e4rke und Schutz.<\/li>\n<li>Die Kanten sind glatt, damit Ihr originaler Sitz nicht besch\u00e4digt wird.<\/li>\n<\/ul>\n<p>[\/vc_column_text][\/vc_column][vc_column width=&#8220;1\/3&#8243;][vc_column_text]<\/p>\n<h3>Passend f\u00fcr<\/h3>\n<ul>\n<li>Panigale V2 (2020-2024)<\/li>\n<li>Panigale V4\/V4S Speciale\/V4S Corse (2018-2021)<\/li>\n<li>Panigale V4R (2020-)<\/li>\n<li>Streetfighter V4\/V4S (2020-2024)<\/li>\n<li>Streetfighter V2 (2022-2024)<\/li>\n<\/ul>\n<p>[\/vc_column_text][\/vc_column][vc_column width=&#8220;1\/3&#8243;][vc_column_text]<\/p>\n<h3>Montageanleitung<\/h3>\n<p>[\/vc_column_text]        \n\t\t\t\t<div class=\"file-wrap \" id=\"\">\n\t\t\t\t\t<a href=\"https:\/\/www.gs-carbotech.com\/wp-content\/uploads\/2022\/09\/sliders-navodila-montaza-spletna-stran-2.pdf\" target=\"_blank\" class=\"file-dl-btn\">\t\n\t\t\t\t\t\t<i class=\"fa fa-download file-dl-icon\" aria-hidden=\"true\"><\/i>\n\t\t\t\t\tSliders Installation Guide 61,03 KB\t\t\t\t\t<\/a>\n\t\t\t\t<\/div>\n        \n        [\/vc_column][\/vc_row][vc_row][vc_column][vc_separator color=&#8220;custom&#8220; accent_color=&#8220;#515151&#8243;][\/vc_column][\/vc_row][vc_row][vc_column width=&#8220;1\/3&#8243;][vc_single_image image=&#8220;8479&#8243;][\/vc_column][vc_column width=&#8220;1\/3&#8243;][vc_single_image image=&#8220;8482&#8243;][\/vc_column][vc_column width=&#8220;1\/3&#8243;][vc_single_image image=&#8220;8473&#8243;][\/vc_column][\/vc_row][vc_row][vc_column width=&#8220;1\/2&#8243;][vc_single_image image=&#8220;8485&#8243;][\/vc_column][vc_column width=&#8220;1\/2&#8243;][vc_single_image image=&#8220;8488&#8243;][\/vc_column][\/vc_row][vc_row][vc_column][vc_separator color=&#8220;custom&#8220; accent_color=&#8220;#515151&#8243;][\/vc_column][\/vc_row]<\/p>\n","protected":false},"excerpt":{"rendered":"<table class=\"desc-table\" data-id=\"18-DCG-PA-56\">\n<tbody>\n<tr>\n<td class=\"heading\"><\/td>\n<td><\/td>\n<\/tr>\n<tr>\n<td class=\"heading\">Technologie:<\/td>\n<td>Autoklav\/Prepreg<\/td>\n<\/tr>\n<tr>\n<td class=\"heading\">Material:<\/td>\n<td>hochwertiger 100% prepreg carbon<\/td>\n<\/tr>\n<tr>\n<td class=\"heading\">Oberfl\u00e4chenfinish:<\/td>\n<td>Hochglanz &amp; Matt Finish<\/td>\n<\/tr>\n<tr>\n<td class=\"heading\">Beschichten:<\/td>\n<td>keramik-Lackversiegelung f\u00fcr dauerhaften Schutz, UV-Schutz, 100% chemisch resistent, verhindert, dass Wasser und Schmutz mit der Oberfl\u00e4che in Ber\u00fchrung kommen, sehr hohe H\u00e4rte, Schlagfestigkeit und Schutz vor Abrieb und Kratzern<\/td>\n<\/tr>\n<tr>\n<td class=\"heading\">Andere Eigenschaften:<\/td>\n<td>Kevlar verst\u00e4rkt von innen f\u00fcr zus\u00e4tzliche St\u00e4rke und Schutz | Sch\u00fctzen Sie Ihre Sitzeinheit im Falle eines Sturzes vor Kratzern | passgenau, ohne zus\u00e4tzliches Bohren oder Schleifen | leicht und doch fest und stark | konsistente weben, das gleiche wie Ducati Performance | keine Pinholes im Finish<\/td>\n<\/tr>\n<tr>\n<td class=\"heading\"><\/td>\n<td><\/td>\n<\/tr>\n<\/tbody>\n<\/table>\n","protected":false},"featured_media":9191,"comment_status":"closed","ping_status":"closed","template":"","meta":[],"product_cat":[82,231,136,224,237,234],"product_tag":[],"_links":{"self":[{"href":"https:\/\/www.gs-carbotech.com\/de\/wp-json\/wp\/v2\/product\/6182"}],"collection":[{"href":"https:\/\/www.gs-carbotech.com\/de\/wp-json\/wp\/v2\/product"}],"about":[{"href":"https:\/\/www.gs-carbotech.com\/de\/wp-json\/wp\/v2\/types\/product"}],"replies":[{"embeddable":true,"href":"https:\/\/www.gs-carbotech.com\/de\/wp-json\/wp\/v2\/comments?post=6182"}],"wp:featuredmedia":[{"embeddable":true,"href":"https:\/\/www.gs-carbotech.com\/de\/wp-json\/wp\/v2\/media\/9191"}],"wp:attachment":[{"href":"https:\/\/www.gs-carbotech.com\/de\/wp-json\/wp\/v2\/media?parent=6182"}],"wp:term":[{"taxonomy":"product_cat","embeddable":true,"href":"https:\/\/www.gs-carbotech.com\/de\/wp-json\/wp\/v2\/product_cat?post=6182"},{"taxonomy":"product_tag","embeddable":true,"href":"https:\/\/www.gs-carbotech.com\/de\/wp-json\/wp\/v2\/product_tag?post=6182"}],"curies":[{"name":"wp","href":"https:\/\/api.w.org\/{rel}","templated":true}]}}