{"id":6167,"date":"2022-09-15T13:35:37","date_gmt":"2022-09-15T12:35:37","guid":{"rendered":"https:\/\/www.gs-carbotech.com\/product\/elite-racing-tank-sliders-2\/"},"modified":"2025-09-02T16:34:48","modified_gmt":"2025-09-02T14:34:48","slug":"elite-rennsport-tank-schieber-2","status":"publish","type":"product","link":"https:\/\/www.gs-carbotech.com\/de\/produkt\/elite-rennsport-tank-schieber-2\/","title":{"rendered":"ELITE TANK SLIDERS"},"content":{"rendered":"<p>[vc_row][vc_column][vc_column_text]<\/p>\n<div class=\"vc_row wpb_row vc_row-fluid\">\n<div class=\"wpb_column vc_column_container vc_col-sm-12\">\n<div class=\"vc_column-inner\">\n<div class=\"wpb_wrapper\">\n<div class=\"wpb_text_column wpb_content_element \">\n<div class=\"wpb_wrapper\">\n<h2><strong>Personalisieren Sie Ihr Fahrzeug mit Carbon Sliders! <\/strong><\/h2>\n<h2><strong>Wir bieten nicht nur hochwertigen Schutz sondern auch Lifestyle! <\/strong><\/h2>\n<\/div>\n<\/div>\n<\/div>\n<\/div>\n<\/div>\n<\/div>\n<p>[\/vc_column_text][\/vc_column][\/vc_row][vc_row][vc_column][vc_separator color=&#8220;custom&#8220; accent_color=&#8220;#515151&#8243;][\/vc_column][\/vc_row][vc_row][vc_column width=&#8220;1\/3&#8243;][vc_column_text]<\/p>\n<h3><span class=\"HwtZe\" lang=\"de\"><span class=\"jCAhz ChMk0b\"><span class=\"ryNqvb\">Beschreibung<\/span><\/span><\/span><\/h3>\n<ul>\n<li>Werten Sie Ihr Motorrad schnell und einfach auf!<\/li>\n<li>Elite Sliders bestehen aus superleichter und superstarker 100%iger Carbonfaser.<\/li>\n<li>Elite Sliders sch\u00fctzen Ihren Tank vor Kratzern im Falle eines Sturzes.<\/li>\n<li>Von innen mit Kevlar verst\u00e4rkt f\u00fcr zus\u00e4tzliche St\u00e4rke und Schutz.<\/li>\n<li>Die Kanten sind glatt, damit Ihr originaler Tank nicht besch\u00e4digt wird.<\/li>\n<\/ul>\n<p>[\/vc_column_text][\/vc_column][vc_column width=&#8220;1\/3&#8243;][vc_column_text]<\/p>\n<div class=\"wpb_column vc_column_container vc_col-sm-6\">\n<div class=\"vc_column-inner\">\n<div class=\"wpb_wrapper\">\n<div class=\"wpb_text_column wpb_content_element \">\n<div class=\"wpb_wrapper\">\n<h3>Passend f\u00fcr<\/h3>\n<ul>\n<li>Panigale V4\/V4S (2018-2021)<\/li>\n<li>Panigale V4R (2019-2020)<\/li>\n<li>Panigale V4 Speciale (2018-2019)<\/li>\n<li>Streetfighter V4\/V4S (2020-2022)<\/li>\n<\/ul>\n<\/div>\n<\/div>\n<\/div>\n<\/div>\n<\/div>\n<p>[\/vc_column_text][\/vc_column][vc_column width=&#8220;1\/3&#8243;][vc_column_text]<\/p>\n<h3>Montageanleitung<\/h3>\n<p>[\/vc_column_text]        \n\t\t\t\t<div class=\"file-wrap \" id=\"\">\n\t\t\t\t\t<a href=\"https:\/\/www.gs-carbotech.com\/wp-content\/uploads\/2022\/09\/sliders-navodila-montaza-spletna-stran-2.pdf\" target=\"_blank\" class=\"file-dl-btn\">\t\n\t\t\t\t\t\t<i class=\"fa fa-download file-dl-icon\" aria-hidden=\"true\"><\/i>\n\t\t\t\t\tSliders Installation Guide 61,03 KB\t\t\t\t\t<\/a>\n\t\t\t\t<\/div>\n        \n        [\/vc_column][\/vc_row][vc_row][vc_column][vc_separator color=&#8220;custom&#8220; accent_color=&#8220;#515151&#8243;][\/vc_column][\/vc_row][vc_row][vc_column width=&#8220;1\/3&#8243;][vc_single_image image=&#8220;8476&#8243;][\/vc_column][vc_column width=&#8220;1\/3&#8243;][vc_single_image image=&#8220;8479&#8243;][\/vc_column][vc_column width=&#8220;1\/3&#8243;][vc_single_image image=&#8220;8514&#8243;][\/vc_column][\/vc_row][vc_row][vc_column width=&#8220;1\/2&#8243;][vc_single_image image=&#8220;8523&#8243;][\/vc_column][vc_column width=&#8220;1\/2&#8243;][vc_single_image image=&#8220;8517&#8243;][\/vc_column][\/vc_row]<\/p>\n","protected":false},"excerpt":{"rendered":"<table class=\"desc-table\" data-id=\"18-DCG-PA-58\">\n<tbody>\n<tr>\n<td class=\"heading\">Technologie:<\/td>\n<td>Autoklav\/Prepreg<\/td>\n<\/tr>\n<tr>\n<td class=\"heading\">Material:<\/td>\n<td>hochwertiger 100% prepreg carbon<\/td>\n<\/tr>\n<tr>\n<td class=\"heading\">Oberfl\u00e4chenfinish:<\/td>\n<td>Hochglanz &amp; Matt Finish<\/td>\n<\/tr>\n<tr>\n<td class=\"heading\">Beschichten:<\/td>\n<td>keramik-Lackversiegelung f\u00fcr dauerhaften Schutz, UV-Schutz, 100% chemisch resistent, verhindert, dass Wasser und Schmutz mit der Oberfl\u00e4che in Ber\u00fchrung kommen, sehr hohe H\u00e4rte, Schlagfestigkeit und Schutz vor Abrieb und Kratzern<\/td>\n<\/tr>\n<tr>\n<td class=\"heading\">Andere Eigenschaften:<\/td>\n<td>Kevlar verst\u00e4rkt von innen f\u00fcr zus\u00e4tzliche St\u00e4rke und Schutz | Sch\u00fctzen Sie Ihre Tankeinheit im Falle eines Crashs vor Kratzern | passgenau, ohne zus\u00e4tzliches Bohren oder Schleifen | leicht und doch starr und stark | durchgehendes Gewebe, das gleiche wie bei Ducati Performance | keine Nadelstiche im Finish<\/td>\n<\/tr>\n<tr>\n<td class=\"heading\"><\/td>\n<td><\/td>\n<\/tr>\n<\/tbody>\n<\/table>\n","protected":false},"featured_media":8511,"comment_status":"closed","ping_status":"closed","template":"","meta":[],"product_cat":[82,136,224,234],"product_tag":[],"_links":{"self":[{"href":"https:\/\/www.gs-carbotech.com\/de\/wp-json\/wp\/v2\/product\/6167"}],"collection":[{"href":"https:\/\/www.gs-carbotech.com\/de\/wp-json\/wp\/v2\/product"}],"about":[{"href":"https:\/\/www.gs-carbotech.com\/de\/wp-json\/wp\/v2\/types\/product"}],"replies":[{"embeddable":true,"href":"https:\/\/www.gs-carbotech.com\/de\/wp-json\/wp\/v2\/comments?post=6167"}],"wp:featuredmedia":[{"embeddable":true,"href":"https:\/\/www.gs-carbotech.com\/de\/wp-json\/wp\/v2\/media\/8511"}],"wp:attachment":[{"href":"https:\/\/www.gs-carbotech.com\/de\/wp-json\/wp\/v2\/media?parent=6167"}],"wp:term":[{"taxonomy":"product_cat","embeddable":true,"href":"https:\/\/www.gs-carbotech.com\/de\/wp-json\/wp\/v2\/product_cat?post=6167"},{"taxonomy":"product_tag","embeddable":true,"href":"https:\/\/www.gs-carbotech.com\/de\/wp-json\/wp\/v2\/product_tag?post=6167"}],"curies":[{"name":"wp","href":"https:\/\/api.w.org\/{rel}","templated":true}]}}