{"id":10003,"date":"2025-02-22T15:44:47","date_gmt":"2025-02-22T14:44:49","guid":{"rendered":"https:\/\/www.gs-carbotech.com\/?post_type=product&#038;p=10003"},"modified":"2025-02-22T15:52:52","modified_gmt":"2025-02-22T14:52:52","slug":"schutzblech-vorn-copy","status":"publish","type":"product","link":"https:\/\/www.gs-carbotech.com\/de\/produkt\/schutzblech-vorn-copy\/","title":{"rendered":"KOTFL\u00dcGEL VORNE"},"content":{"rendered":"","protected":false},"excerpt":{"rendered":"<table class=\"desc-table\" data-id=\"14-DCG-MN-10\">\n<tbody>\n<tr>\n<td class=\"heading\">Passend f\u00fcr:<\/td>\n<td><span class=\"ux-textspans ux-textspans--BOLD\">Ducati Monster 600 620 695 750 800 900 1000 S2R S4R<\/span><\/td>\n<\/tr>\n<tr>\n<td class=\"heading\">Technologie:<\/td>\n<td>Autoklav\/Prepreg<\/td>\n<\/tr>\n<tr>\n<td class=\"heading\">Material:<\/td>\n<td>hochwertiger 100% prepreg carbon<\/td>\n<\/tr>\n<tr>\n<td class=\"heading\">Oberfl\u00e4chenfinish:<\/td>\n<td>Hochglanz &amp; Matt Finish<\/td>\n<\/tr>\n<tr>\n<td class=\"heading\">Beschichten:<\/td>\n<td>keramik-Lackversiegelung f\u00fcr dauerhaften Schutz, UV-Schutz, 100% chemisch resistent, verhindert, dass Wasser und Schmutz mit der Oberfl\u00e4che in Ber\u00fchrung kommen, sehr hohe H\u00e4rte, Schlagfestigkeit und Schutz vor Abrieb und Kratzern<\/td>\n<\/tr>\n<tr>\n<td class=\"heading\">Andere Eigenschaften:<\/td>\n<td>ersetzt das originale Bauteil unter Verwendung der originalen Befestigungspunkte | passgenau, ohne zus\u00e4tzliches Bohren oder Schleifen | leicht und doch fest und stark | konsistente weben, das gleiche wie Ducati Performance | keine Pinholes im Finish<\/td>\n<\/tr>\n<tr>\n<td class=\"heading\">Verf\u00fcgbarkeit:<\/td>\n<td>auf Lager | kann innerhalb von 4 Werktagen versendet werden<\/td>\n<\/tr>\n<\/tbody>\n<\/table>\n","protected":false},"featured_media":10011,"comment_status":"closed","ping_status":"closed","template":"","meta":[],"product_cat":[82,100],"product_tag":[],"_links":{"self":[{"href":"https:\/\/www.gs-carbotech.com\/de\/wp-json\/wp\/v2\/product\/10003"}],"collection":[{"href":"https:\/\/www.gs-carbotech.com\/de\/wp-json\/wp\/v2\/product"}],"about":[{"href":"https:\/\/www.gs-carbotech.com\/de\/wp-json\/wp\/v2\/types\/product"}],"replies":[{"embeddable":true,"href":"https:\/\/www.gs-carbotech.com\/de\/wp-json\/wp\/v2\/comments?post=10003"}],"wp:featuredmedia":[{"embeddable":true,"href":"https:\/\/www.gs-carbotech.com\/de\/wp-json\/wp\/v2\/media\/10011"}],"wp:attachment":[{"href":"https:\/\/www.gs-carbotech.com\/de\/wp-json\/wp\/v2\/media?parent=10003"}],"wp:term":[{"taxonomy":"product_cat","embeddable":true,"href":"https:\/\/www.gs-carbotech.com\/de\/wp-json\/wp\/v2\/product_cat?post=10003"},{"taxonomy":"product_tag","embeddable":true,"href":"https:\/\/www.gs-carbotech.com\/de\/wp-json\/wp\/v2\/product_tag?post=10003"}],"curies":[{"name":"wp","href":"https:\/\/api.w.org\/{rel}","templated":true}]}}